{"id":840,"date":"2024-04-19T11:39:19","date_gmt":"2024-04-19T11:39:19","guid":{"rendered":"https:\/\/septemnovem.hr\/?page_id=840"},"modified":"2026-03-13T16:19:58","modified_gmt":"2026-03-13T15:19:58","slug":"detailed-engineering","status":"publish","type":"page","link":"https:\/\/septemnovem.hr\/hr\/detailed-engineering\/","title":{"rendered":"Detaljno in\u017eenjerstvo"},"content":{"rendered":"<div data-elementor-type=\"wp-page\" data-elementor-id=\"840\" class=\"elementor elementor-840\">\n\t\t\t\t<div class=\"elementor-element elementor-element-41cb771 e-con-full e-flex e-con e-parent\" data-id=\"41cb771\" data-element_type=\"container\" data-e-type=\"container\">\n\t\t<div class=\"elementor-element elementor-element-d9af83f e-con-full e-flex e-con e-child\" data-id=\"d9af83f\" data-element_type=\"container\" data-e-type=\"container\">\n\t\t<div class=\"elementor-element elementor-element-1863010 e-con-full e-flex e-con e-child\" data-id=\"1863010\" data-element_type=\"container\" data-e-type=\"container\">\n\t\t<div class=\"elementor-element elementor-element-bf69ad1 e-con-full e-flex e-con e-child\" data-id=\"bf69ad1\" data-element_type=\"container\" data-e-type=\"container\">\n\t\t<div class=\"elementor-element elementor-element-6ca7657 e-flex e-con-boxed e-con e-child\" data-id=\"6ca7657\" data-element_type=\"container\" data-e-type=\"container\">\n\t\t\t\t\t<div class=\"e-con-inner\">\n\t\t<div class=\"elementor-element elementor-element-e187ce0 e-con-full elementor-hidden-tablet elementor-hidden-mobile e-flex e-con e-child\" data-id=\"e187ce0\" data-element_type=\"container\" data-e-type=\"container\">\n\t\t<div class=\"elementor-element elementor-element-070f19d e-con-full e-flex e-con e-child\" data-id=\"070f19d\" data-element_type=\"container\" data-e-type=\"container\">\n\t\t\t\t<div class=\"elementor-element elementor-element-45e876f elementor-widget elementor-widget-image\" data-id=\"45e876f\" data-element_type=\"widget\" data-e-type=\"widget\" data-widget_type=\"image.default\">\n\t\t\t\t<div class=\"elementor-widget-container\">\n\t\t\t\t\t\t\t\t\t\t\t\t\t\t\t<img decoding=\"async\" width=\"65\" height=\"78\" src=\"https:\/\/septemnovem.hr\/wp-content\/uploads\/2024\/04\/pipe_down.png\" class=\"attachment-full size-full wp-image-843\" alt=\"Septem Novem Pipe Down\" \/>\t\t\t\t\t\t\t\t\t\t\t\t\t\t\t<\/div>\n\t\t\t\t<\/div>\n\t\t\t\t<\/div>\n\t\t<div class=\"elementor-element elementor-element-02311d5 e-con-full e-flex e-con e-child\" data-id=\"02311d5\" data-element_type=\"container\" data-e-type=\"container\">\n\t\t\t\t<div class=\"elementor-element elementor-element-758aaa6 elementor-widget elementor-widget-heading\" data-id=\"758aaa6\" data-element_type=\"widget\" data-e-type=\"widget\" data-widget_type=\"heading.default\">\n\t\t\t\t<div class=\"elementor-widget-container\">\n\t\t\t\t\t<h2 class=\"elementor-heading-title elementor-size-default\">Detaljno in\u017eenjerstvo<\/h2>\t\t\t\t<\/div>\n\t\t\t\t<\/div>\n\t\t\t\t<\/div>\n\t\t<div class=\"elementor-element elementor-element-f6581de e-con-full e-flex e-con e-child\" data-id=\"f6581de\" data-element_type=\"container\" data-e-type=\"container\">\n\t\t\t\t<div class=\"elementor-element elementor-element-aa7923c elementor-widget elementor-widget-image\" data-id=\"aa7923c\" data-element_type=\"widget\" data-e-type=\"widget\" data-widget_type=\"image.default\">\n\t\t\t\t<div class=\"elementor-widget-container\">\n\t\t\t\t\t\t\t\t\t\t\t\t\t\t\t<img decoding=\"async\" width=\"65\" height=\"84\" src=\"https:\/\/septemnovem.hr\/wp-content\/uploads\/2024\/04\/pipe_up.png\" class=\"attachment-full size-full wp-image-844\" alt=\"Septem Novem Pipe Up\" \/>\t\t\t\t\t\t\t\t\t\t\t\t\t\t\t<\/div>\n\t\t\t\t<\/div>\n\t\t\t\t<\/div>\n\t\t\t\t<\/div>\n\t\t<div class=\"elementor-element elementor-element-97da7ef e-con-full elementor-hidden-desktop e-flex e-con e-child\" data-id=\"97da7ef\" data-element_type=\"container\" data-e-type=\"container\">\n\t\t<div class=\"elementor-element elementor-element-3e6223d e-con-full e-flex e-con e-child\" data-id=\"3e6223d\" data-element_type=\"container\" data-e-type=\"container\">\n\t\t\t\t<div class=\"elementor-element elementor-element-e7976be elementor-widget elementor-widget-heading\" data-id=\"e7976be\" data-element_type=\"widget\" data-e-type=\"widget\" data-widget_type=\"heading.default\">\n\t\t\t\t<div class=\"elementor-widget-container\">\n\t\t\t\t\t<h2 class=\"elementor-heading-title elementor-size-default\">Detaljno<br>in\u017eenjerstvo<\/h2>\t\t\t\t<\/div>\n\t\t\t\t<\/div>\n\t\t\t\t<div class=\"elementor-element elementor-element-2da3aa8 elementor-widget elementor-widget-image\" data-id=\"2da3aa8\" data-element_type=\"widget\" data-e-type=\"widget\" data-widget_type=\"image.default\">\n\t\t\t\t<div class=\"elementor-widget-container\">\n\t\t\t\t\t\t\t\t\t\t\t\t\t\t\t<img decoding=\"async\" width=\"106\" height=\"89\" src=\"https:\/\/septemnovem.hr\/wp-content\/uploads\/2024\/05\/pipes.png\" class=\"attachment-full size-full wp-image-1210\" alt=\"Septem Novem Pipes\" \/>\t\t\t\t\t\t\t\t\t\t\t\t\t\t\t<\/div>\n\t\t\t\t<\/div>\n\t\t\t\t<\/div>\n\t\t\t\t<\/div>\n\t\t<div class=\"elementor-element elementor-element-ae018cc e-con-full e-flex e-con e-child\" data-id=\"ae018cc\" data-element_type=\"container\" data-e-type=\"container\">\n\t\t\t\t<div class=\"elementor-element elementor-element-2ef1fa0 elementor-widget elementor-widget-html\" data-id=\"2ef1fa0\" data-element_type=\"widget\" data-e-type=\"widget\" data-widget_type=\"html.default\">\n\t\t\t\t<div class=\"elementor-widget-container\">\n\t\t\t\t\t<div class=\"sn-service-card\">\r\n  <p class=\"sn-service-card-text\">\r\n    <strong>Detaljno in\u017eenjerstvo<\/strong> pretvara odobrene koncepte u dokumentaciju spremnu za izgradnju. Isporu\u010dujemo koordinirane rasporede cjevovoda, specifikacije materijala i detalje ugradnje uskla\u0111ene s EPC radnim procesima i rasporedima projekta.\r\n  <\/p>\r\n\r\n<\/div>\r\n\r\n<style>\r\n.sn-service-card{\r\n  display:flex;\r\n  flex-direction:column;\r\n  align-items:flex-start;\r\n  gap:18px;\r\n  width:100%;\r\n  max-width:1100px;\r\n  margin:0 auto;\r\n  padding:34px 38px;\r\n  box-sizing:border-box;\r\n\r\n  background:linear-gradient(145deg,#f6f7f7,#eef1f1);\r\n  border:1px solid rgba(112,140,133,.16);\r\n  border-radius:26px;\r\n  box-shadow:0 10px 24px rgba(0,0,0,.05);\r\n}\r\n\r\n.sn-service-card-text strong{\r\n  color:#3A3A3A;\r\n  font-weight:700;\r\n}\r\n\r\n.sn-service-title{\r\n  font-size:clamp(26px,2vw,38px);\r\n  font-weight:700;\r\n  line-height:1.2;\r\n  color:#3A3A3A;\r\n}\r\n\r\n.sn-service-card-text{\r\n  margin:0;\r\n  font-size:clamp(19px,1.35vw,28px);\r\n  line-height:1.6;\r\n  font-weight:600;\r\n  color:#708C85;\r\n}\r\n}\r\n\r\n@media (max-width:767px){\r\n  .sn-service-card{\r\n    padding:24px 20px;\r\n    border-radius:22px;\r\n    gap:16px;\r\n  }\r\n\r\n  .sn-service-title{\r\n    font-size:clamp(22px,6vw,28px);\r\n  }\r\n\r\n  .sn-service-card-text{\r\n    font-size:17px;\r\n    line-height:1.6;\r\n  }\r\n\r\n}\r\n<\/style>\t\t\t\t<\/div>\n\t\t\t\t<\/div>\n\t\t\t\t<\/div>\n\t\t\t\t\t<\/div>\n\t\t\t\t<\/div>\n\t\t\t\t<\/div>\n\t\t\t\t<\/div>\n\t\t\t\t<\/div>\n\t\t\t\t<\/div>\n\t\t<div class=\"elementor-element elementor-element-5f7d64a e-flex e-con-boxed e-con e-parent\" data-id=\"5f7d64a\" data-element_type=\"container\" data-e-type=\"container\">\n\t\t\t\t\t<div class=\"e-con-inner\">\n\t\t\t\t<div class=\"elementor-element elementor-element-4e05f0d elementor-widget elementor-widget-html\" data-id=\"4e05f0d\" data-element_type=\"widget\" data-e-type=\"widget\" data-widget_type=\"html.default\">\n\t\t\t\t<div class=\"elementor-widget-container\">\n\t\t\t\t\t<div class=\"de-wrap\">\r\n\r\n  <div class=\"de-card\">\r\n    <h3 class=\"de-title\">In\u017eenjerski crte\u017ei<\/h3>\r\n    <p class=\"de-text\">\r\n      Pripremamo jasne, potpuno uskla\u0111ene nacrte koji odra\u017eavaju izvodljivost gradnje, logiku potpore i prostornu integraciju unutar 3D modela. Svi dokumenti su strukturirani za izvedbu na gradili\u0161tu i za neometane postupke odobrenja.\r\n    <\/p>\r\n  <\/div>\r\n\r\n  <div class=\"de-card\">\r\n    <h3 class=\"de-title\">Koordinacija P&amp;ID-a i 3D modela<\/h3>\r\n    <p class=\"de-text\">\r\n      Osiguravamo dosljednost izme\u0111u Smart P&amp;ID-ova, 3D modela i izometrijskih izlazaka. A\u017euriranja dizajna se kontroliraju i dokumentiraju kako bi se odr\u017eao integritet podataka tijekom cijelog projekta.\r\n    <\/p>\r\n  <\/div>\r\n\r\n  <div class=\"de-card\">\r\n    <h3 class=\"de-title\">Specifikacije materijala i klase cijevi<\/h3>\r\n    <p class=\"de-text\">\r\n      Definiramo i provjeravamo klase cijevi, materijale i specifikacije komponenti u skladu s projektnim standardima i primjenjivim propisima. Dokumentacija je strukturirana radi spremnosti za nabavu i izradu.\r\n    <\/p>\r\n  <\/div>\r\n\r\n  <div class=\"de-card\">\r\n    <h3 class=\"de-title\">Detalji o instalaciji i podr\u0161ci<\/h3>\r\n    <p class=\"de-text\">\r\n      Razvijamo prakti\u010dne koncepte potpore i detalje monta\u017ee koji odra\u017eavaju stvarne uvjete na terenu. Projektne odluke uskla\u0111ujemo s analizom naprezanja i logikom izgradnje.\r\n    <\/p>\r\n  <\/div>\r\n\r\n  <div class=\"de-card\">\r\n    <h3 class=\"de-title\">Isporuke<\/h3>\r\n    <ul class=\"de-list\">\r\n      <li>Koordinirani P&amp;ID-ovi<\/li>\r\n      <li>Rasporedi cjevovoda i izometrijski crte\u017ei<\/li>\r\n      <li>A\u017eurirani popisi linija<\/li>\r\n      <li>Izra\u010duni koli\u010dina materijala (ako je potrebno)<\/li>\r\n      <li>Dokumentacija o izradi i ugradnji<\/li>\r\n    <\/ul>\r\n  <\/div>\r\n\r\n<\/div>\r\n\r\n<style>\r\n\r\n.de-wrap{\r\n  display:flex;\r\n  flex-direction:column;\r\n  gap:28px;\r\n  width:100%;\r\n  max-width:920px;\r\n  margin:0 auto;\r\n}\r\n\r\n.de-card{\r\n  background:#708C85;\r\n  border:1px solid #708C85;\r\n  border-radius:26px;\r\n  box-shadow:0 10px 24px rgba(112,140,133,.28);\r\n  padding:28px 32px;\r\n\r\n  transition:\r\n  background .35s cubic-bezier(.4,0,.2,1),\r\n  color .35s cubic-bezier(.4,0,.2,1),\r\n  border-color .35s cubic-bezier(.4,0,.2,1),\r\n  box-shadow .35s cubic-bezier(.4,0,.2,1),\r\n  transform .35s cubic-bezier(.4,0,.2,1);\r\n}\r\n\r\n.de-title{\r\n  margin:0 0 14px 0;\r\n  font-size:clamp(28px,2.1vw,40px);\r\n  line-height:1.15;\r\n  font-weight:700;\r\n  color:#ffffff;\r\n  transition:color .35s cubic-bezier(.4,0,.2,1);\r\n}\r\n\r\n.de-text{\r\n  margin:0;\r\n  font-size:clamp(17px,1.1vw,21px);\r\n  line-height:1.65;\r\n  font-weight:600;\r\n  color:#ffffff;\r\n  transition:color .35s cubic-bezier(.4,0,.2,1);\r\n}\r\n\r\n.de-list{\r\n  margin:0;\r\n  padding-left:20px;\r\n  display:flex;\r\n  flex-direction:column;\r\n  gap:8px;\r\n}\r\n\r\n.de-list li{\r\n  color:#ffffff;\r\n  font-size:clamp(17px,1.1vw,21px);\r\n  line-height:1.55;\r\n  font-weight:600;\r\n  transition:color .35s cubic-bezier(.4,0,.2,1);\r\n}\r\n\r\n\r\n.de-card:hover,\r\n.de-card:active{\r\n  background:#ffffff;\r\n  border-color:#708C85;\r\n  box-shadow:0 10px 24px rgba(0,0,0,.08);\r\n  transform:translateY(-2px);\r\n}\r\n\r\n.de-card:hover .de-title,\r\n.de-card:active .de-title{\r\n  color:#3A3A3A;\r\n}\r\n\r\n.de-card:hover .de-text,\r\n.de-card:active .de-text,\r\n.de-card:hover .de-list li,\r\n.de-card:active .de-list li{\r\n  color:#708C85;\r\n}\r\n\r\n\r\n@media (max-width:767px){\r\n\r\n  .de-wrap{\r\n    gap:18px;\r\n    max-width:100%;\r\n  }\r\n\r\n  .de-card{\r\n    padding:22px 18px;\r\n    border-radius:22px;\r\n  }\r\n\r\n  .de-title{\r\n    font-size:clamp(22px,7vw,28px);\r\n    margin-bottom:12px;\r\n  }\r\n\r\n  .de-text{\r\n    font-size:16px;\r\n    line-height:1.6;\r\n  }\r\n\r\n  .de-list{\r\n    padding-left:18px;\r\n    gap:6px;\r\n  }\r\n\r\n  .de-list li{\r\n    font-size:16px;\r\n    line-height:1.55;\r\n  }\r\n\r\n}\r\n\r\n<\/style>\t\t\t\t<\/div>\n\t\t\t\t<\/div>\n\t\t\t\t\t<\/div>\n\t\t\t\t<\/div>\n\t\t<div class=\"elementor-element elementor-element-1a51237 e-flex e-con-boxed e-con e-parent\" data-id=\"1a51237\" data-element_type=\"container\" data-e-type=\"container\">\n\t\t\t\t\t<div class=\"e-con-inner\">\n\t\t\t\t<div class=\"elementor-element elementor-element-63fcb90 elementor-widget elementor-widget-html\" data-id=\"63fcb90\" data-element_type=\"widget\" data-e-type=\"widget\" data-widget_type=\"html.default\">\n\t\t\t\t<div class=\"elementor-widget-container\">\n\t\t\t\t\t<div class=\"sn-cta\">\r\n\r\n  <div class=\"sn-cta-valve sn-cta-left\">\r\n    <img decoding=\"async\" src=\"https:\/\/septemnovem.hr\/wp-content\/uploads\/2026\/03\/ventil1.svg\" alt=\"Valve icon\">\r\n  <\/div>\r\n\r\n  <div class=\"sn-cta-main\">\r\n    <div class=\"sn-cta-title\"> Jeste li spremni uskladiti svoje in\u017eenjerstvo?<\/div>\r\n\r\n    <p class=\"sn-cta-text\">\r\n      Po\u0161aljite nam svoj trenutni model ili popis modela i mi \u0107emo definirati opseg i sljede\u0107e korake u roku od 24 do 48 sati.\r\n    <\/p>\r\n\r\n    <a class=\"sn-cta-btn\" href=\"https:\/\/septemnovem.hr\/hr\/contact\/\">\r\n      <span class=\"sn-cta-btn-text\">Rezervirajte tehni\u010dki razgovor<\/span>\r\n      <span class=\"sn-cta-btn-arrow\">><\/span>\r\n    <\/a>\r\n  <\/div>\r\n\r\n  <div class=\"sn-cta-valve sn-cta-right\">\r\n    <img decoding=\"async\" src=\"https:\/\/septemnovem.hr\/wp-content\/uploads\/2026\/03\/ventil2.svg\" alt=\"Valve icon\">\r\n  <\/div>\r\n\r\n<\/div>\r\n\r\n<style>\r\n.sn-cta{\r\n  width:100%;\r\n  max-width:920px;\r\n  margin:0 auto;\r\n  padding:38px 40px;\r\n  box-sizing:border-box;\r\n  display:grid;\r\n  grid-template-columns:110px minmax(0,1fr) 110px;\r\n  align-items:center;\r\n  gap:24px;\r\n  background:linear-gradient(145deg,#f6f7f7,#eef1f1);\r\n  border:1px solid #708c8529;\r\n  border-radius:26px;\r\n  box-shadow:0 10px 24px #0000000d;\r\n  overflow:hidden;\r\n  transition:background .25s ease, border-color .25s ease, box-shadow .25s ease;\r\n}\r\n\r\n.sn-cta:hover,\r\n.sn-cta:active{\r\n  background:#ffffff20;\r\n  border-color:#00000000;\r\n  box-shadow:none;\r\n}\r\n\r\n.sn-cta-main{\r\n  display:flex;\r\n  flex-direction:column;\r\n  align-items:center;\r\n  text-align:center;\r\n  gap:22px;\r\n}\r\n\r\n.sn-cta-title{\r\n  margin:0;\r\n  font-size:clamp(30px,2.3vw,42px);\r\n  line-height:1.2;\r\n  font-weight:700;\r\n  color:#3a3a3a;\r\n}\r\n\r\n.sn-cta-text{\r\n  margin:0;\r\n  max-width:640px;\r\n  color:#708c85;\r\n  font-size:clamp(18px,1.2vw,22px);\r\n  line-height:1.6;\r\n  font-weight:600;\r\n}\r\n\r\n.sn-cta-valve{\r\n  display:flex;\r\n  align-items:center;\r\n  justify-content:center;\r\n  min-height:120px;\r\n  pointer-events:none;\r\n}\r\n\r\n.sn-cta-valve img{\r\n  width:82px;\r\n  height:auto;\r\n  display:block;\r\n  transition:transform .5s ease, opacity .4s ease;\r\n}\r\n\r\n.sn-cta-left img{\r\n  opacity:.72;\r\n  transform:translateX(0);\r\n}\r\n\r\n.sn-cta-right img{\r\n  opacity:0;\r\n  transform:translateX(-14px);\r\n}\r\n\r\n.sn-cta:hover .sn-cta-left img{\r\n  opacity:0;\r\n  transform:translateX(26px);\r\n}\r\n\r\n.sn-cta:hover .sn-cta-right img{\r\n  opacity:.6;\r\n  transform:translateX(0);\r\n}\r\n\r\n.sn-cta-btn{\r\n  display:inline-flex;\r\n  align-items:center;\r\n  justify-content:center;\r\n  gap:12px;\r\n  padding:16px 30px;\r\n  border:1px solid #708c85;\r\n  border-radius:999px;\r\n  background:#708c85;\r\n  color:#ffffff;\r\n  text-decoration:none;\r\n  cursor:pointer;\r\n  box-shadow:0 10px 24px #708c8547;\r\n  transition:background .25s ease, color .25s ease, border-color .25s ease, box-shadow .25s ease, transform .25s ease;\r\n}\r\n\r\n.sn-cta-btn-text{\r\n  font-size:18px;\r\n  font-weight:700;\r\n}\r\n\r\n.sn-cta-btn-arrow{\r\n  font-size:20px;\r\n  font-weight:700;\r\n  transition:transform .25s ease;\r\n}\r\n\r\n.sn-cta-btn:hover{\r\n  background:#ffffff;\r\n  color:#708c85;\r\n  border-color:#708c85;\r\n  box-shadow:0 8px 18px #708c8547;\r\n}\r\n\r\n.sn-cta-btn:hover .sn-cta-btn-arrow{\r\n  transform:translateX(6px);\r\n}\r\n\r\n.sn-cta-btn:active{\r\n  transform:scale(.97);\r\n}\r\n\r\n@media (max-width:767px){\r\n  .sn-cta{\r\n    padding:26px 22px;\r\n    gap:14px;\r\n    border-radius:22px;\r\n    grid-template-columns:1fr 1fr;\r\n    grid-template-areas:\r\n      \"left right\"\r\n      \"main main\";\r\n  }\r\n\r\n  .sn-cta-main{\r\n    grid-area:main;\r\n    gap:18px;\r\n  }\r\n\r\n  .sn-cta-left{\r\n    grid-area:left;\r\n    justify-content:flex-end;\r\n    min-height:auto;\r\n  }\r\n\r\n  .sn-cta-right{\r\n    grid-area:right;\r\n    justify-content:flex-start;\r\n    min-height:auto;\r\n  }\r\n\r\n  .sn-cta-valve img{\r\n    width:62px;\r\n  }\r\n\r\n  .sn-cta-title{\r\n    font-size:clamp(24px,7vw,30px);\r\n  }\r\n\r\n  .sn-cta-text{\r\n    font-size:16px;\r\n  }\r\n\r\n  .sn-cta-btn{\r\n    width:100%;\r\n    max-width:260px;\r\n  }\r\n}\r\n<\/style>\t\t\t\t<\/div>\n\t\t\t\t<\/div>\n\t\t\t\t\t<\/div>\n\t\t\t\t<\/div>\n\t\t\t\t<\/div>","protected":false},"excerpt":{"rendered":"<p>Detailed engineering Detailedengineering Detailed Engineering converts approved concepts into construction ready documentation. We deliver coordinated piping layouts, material specifications and installation details aligned with EPC workflows and project schedules. Engineering Drawings We prepare clear, fully coordinated drawings reflecting constructability, support logic and spatial integration within the 3D model. All documents are structured for execution on [&hellip;]<\/p>\n","protected":false},"author":1,"featured_media":0,"parent":0,"menu_order":0,"comment_status":"closed","ping_status":"closed","template":"","meta":{"site-sidebar-layout":"no-sidebar","site-content-layout":"page-builder","ast-site-content-layout":"full-width-container","site-content-style":"unboxed","site-sidebar-style":"unboxed","ast-global-header-display":"","ast-banner-title-visibility":"","ast-main-header-display":"","ast-hfb-above-header-display":"","ast-hfb-below-header-display":"","ast-hfb-mobile-header-display":"","site-post-title":"disabled","ast-breadcrumbs-content":"","ast-featured-img":"disabled","footer-sml-layout":"","theme-transparent-header-meta":"enabled","adv-header-id-meta":"","stick-header-meta":"","header-above-stick-meta":"","header-main-stick-meta":"","header-below-stick-meta":"","astra-migrate-meta-layouts":"set","ast-page-background-enabled":"default","ast-page-background-meta":{"desktop":{"background-color":"var(--ast-global-color-4)","background-image":"","background-repeat":"repeat","background-position":"center center","background-size":"auto","background-attachment":"scroll","background-type":"","background-media":"","overlay-type":"","overlay-color":"","overlay-opacity":"","overlay-gradient":""},"tablet":{"background-color":"","background-image":"","background-repeat":"repeat","background-position":"center center","background-size":"auto","background-attachment":"scroll","background-type":"","background-media":"","overlay-type":"","overlay-color":"","overlay-opacity":"","overlay-gradient":""},"mobile":{"background-color":"","background-image":"","background-repeat":"repeat","background-position":"center center","background-size":"auto","background-attachment":"scroll","background-type":"","background-media":"","overlay-type":"","overlay-color":"","overlay-opacity":"","overlay-gradient":""}},"ast-content-background-meta":{"desktop":{"background-color":"var(--ast-global-color-5)","background-image":"","background-repeat":"repeat","background-position":"center center","background-size":"auto","background-attachment":"scroll","background-type":"","background-media":"","overlay-type":"","overlay-color":"","overlay-opacity":"","overlay-gradient":""},"tablet":{"background-color":"var(--ast-global-color-5)","background-image":"","background-repeat":"repeat","background-position":"center center","background-size":"auto","background-attachment":"scroll","background-type":"","background-media":"","overlay-type":"","overlay-color":"","overlay-opacity":"","overlay-gradient":""},"mobile":{"background-color":"var(--ast-global-color-5)","background-image":"","background-repeat":"repeat","background-position":"center center","background-size":"auto","background-attachment":"scroll","background-type":"","background-media":"","overlay-type":"","overlay-color":"","overlay-opacity":"","overlay-gradient":""}},"footnotes":""},"class_list":["post-840","page","type-page","status-publish","hentry"],"aioseo_notices":[],"_links":{"self":[{"href":"https:\/\/septemnovem.hr\/hr\/wp-json\/wp\/v2\/pages\/840","targetHints":{"allow":["GET"]}}],"collection":[{"href":"https:\/\/septemnovem.hr\/hr\/wp-json\/wp\/v2\/pages"}],"about":[{"href":"https:\/\/septemnovem.hr\/hr\/wp-json\/wp\/v2\/types\/page"}],"author":[{"embeddable":true,"href":"https:\/\/septemnovem.hr\/hr\/wp-json\/wp\/v2\/users\/1"}],"replies":[{"embeddable":true,"href":"https:\/\/septemnovem.hr\/hr\/wp-json\/wp\/v2\/comments?post=840"}],"version-history":[{"count":82,"href":"https:\/\/septemnovem.hr\/hr\/wp-json\/wp\/v2\/pages\/840\/revisions"}],"predecessor-version":[{"id":2750,"href":"https:\/\/septemnovem.hr\/hr\/wp-json\/wp\/v2\/pages\/840\/revisions\/2750"}],"wp:attachment":[{"href":"https:\/\/septemnovem.hr\/hr\/wp-json\/wp\/v2\/media?parent=840"}],"curies":[{"name":"radni list","href":"https:\/\/api.w.org\/{rel}","templated":true}]}}