{"id":2249,"date":"2026-03-10T22:38:52","date_gmt":"2026-03-10T21:38:52","guid":{"rendered":"https:\/\/septemnovem.hr\/?page_id=2249"},"modified":"2026-03-13T16:12:31","modified_gmt":"2026-03-13T15:12:31","slug":"piping-engineering-services","status":"publish","type":"page","link":"https:\/\/septemnovem.hr\/de\/piping-engineering-services\/","title":{"rendered":"Rohrleitungsingenieurdienstleistungen"},"content":{"rendered":"<div data-elementor-type=\"wp-page\" data-elementor-id=\"2249\" class=\"elementor elementor-2249\">\n\t\t\t\t<div class=\"elementor-element elementor-element-41cb771 e-con-full e-flex e-con e-parent\" data-id=\"41cb771\" data-element_type=\"container\" data-e-type=\"container\">\n\t\t<div class=\"elementor-element elementor-element-d9af83f e-con-full e-flex e-con e-child\" data-id=\"d9af83f\" data-element_type=\"container\" data-e-type=\"container\">\n\t\t<div class=\"elementor-element elementor-element-1863010 e-con-full e-flex e-con e-child\" data-id=\"1863010\" data-element_type=\"container\" data-e-type=\"container\">\n\t\t<div class=\"elementor-element elementor-element-bf69ad1 e-con-full e-flex e-con e-child\" data-id=\"bf69ad1\" data-element_type=\"container\" data-e-type=\"container\">\n\t\t<div class=\"elementor-element elementor-element-6ca7657 e-flex e-con-boxed e-con e-child\" data-id=\"6ca7657\" data-element_type=\"container\" data-e-type=\"container\">\n\t\t\t\t\t<div class=\"e-con-inner\">\n\t\t<div class=\"elementor-element elementor-element-ba0724c e-con-full e-flex e-con e-child\" data-id=\"ba0724c\" data-element_type=\"container\" data-e-type=\"container\">\n\t\t\t\t<div class=\"elementor-element elementor-element-ceec1df elementor-widget elementor-widget-html\" data-id=\"ceec1df\" data-element_type=\"widget\" data-e-type=\"widget\" data-widget_type=\"html.default\">\n\t\t\t\t<div class=\"elementor-widget-container\">\n\t\t\t\t\t<div class=\"sn-service-card\">\n  <h3 class=\"sn-service-title\">Rohrleitungsingenieurdienstleistungen<\/h3>\n\n  <div class=\"sn-service-texts\">\n    <p class=\"sn-service-card-text\">\n      Mit allen Aspekten des detaillierten Entwurfs, der Belastungsanalyse sowie der Struktur- und Tragwerkskonstruktion sind unsere umfassenden Dienstleistungen im Rohrleitungsbau darauf zugeschnitten, Ihnen eine umfassende L\u00f6sung zu bieten.\n    <\/p>\n\n    <p class=\"sn-service-card-text\">\n      Wir bieten Ihnen einen ganzheitlichen Ansatz f\u00fcr die Rohrleitungstechnik, der die Grundlage f\u00fcr den Erfolg in jedem Aspekt Ihres Projekts bildet.\n    <\/p>\n  <\/div>\n<\/div>\n\n<style>\n.sn-service-card{\n  display:flex;\n  flex-direction:column;\n  align-items:center;\n  gap:22px;\n  width:100%;\n  max-width:1100px;\n  margin:0 auto;\n  padding:34px 38px;\n  background:linear-gradient(145deg,#f6f7f7,#eef1f1);\n  border:1px solid rgba(112,140,133,.16);\n  border-radius:26px;\n  box-shadow:0 10px 24px rgba(0,0,0,.05);\n}\n\n.sn-service-title{\n  margin:0;\n  font-size:clamp(26px,2vw,38px);\n  font-weight:700;\n  line-height:1.2;\n  color:#3A3A3A;\n  align-items: center;\n}\n\n.sn-service-texts{\n  display:flex;\n  flex-direction:column;\n  gap:18px;\n  width:100%;\n  align-items: center;\n}\n\n.sn-service-card-text{\n  margin:0;\n  font-size:clamp(19px,1.35vw,28px);\n  line-height:1.6;\n  font-weight:600;\n  color:#708C85;\n   align-items: center;\n}\n\n@media (max-width:767px){\n  .sn-service-card{\n    padding:24px 20px;\n    border-radius:22px;\n    gap:18px;\n  }\n\n  .sn-service-title{\n    font-size:clamp(22px,6vw,28px);\n    line-height:1.2;\n  }\n\n  .sn-service-texts{\n    gap:14px;\n  }\n\n  .sn-service-card-text{\n    font-size:17px;\n    line-height:1.6;\n  }\n}\n<\/style>\t\t\t\t<\/div>\n\t\t\t\t<\/div>\n\t\t\t\t<\/div>\n\t\t\t\t\t<\/div>\n\t\t\t\t<\/div>\n\t\t\t\t<\/div>\n\t\t\t\t<\/div>\n\t\t\t\t<\/div>\n\t\t\t\t<\/div>\n\t\t<div class=\"elementor-element elementor-element-1de3690 e-flex e-con-boxed e-con e-parent\" data-id=\"1de3690\" data-element_type=\"container\" data-e-type=\"container\">\n\t\t\t\t\t<div class=\"e-con-inner\">\n\t\t\t\t<div class=\"elementor-element elementor-element-8a7b7f3 elementor-widget elementor-widget-html\" data-id=\"8a7b7f3\" data-element_type=\"widget\" data-e-type=\"widget\" data-widget_type=\"html.default\">\n\t\t\t\t<div class=\"elementor-widget-container\">\n\t\t\t\t\t<div class=\"pipe-sec\">\n\n<div class=\"pipe-bg\">\n<img decoding=\"async\" src=\"https:\/\/septemnovem.hr\/wp-content\/uploads\/2026\/03\/SN_pipe2_modified.svg\">\n<\/div>\n\n<div class=\"pipe-wrap\">\n\n<div class=\"pipe-card\">\n<h3 class=\"pipe-title\">Rohrleitungsbau<\/h3>\n<ul class=\"pipe-list\">\n<li>Detaillierte Planung und Spezifikation jedes Elements im Rohrleitungssystem.<\/li>\n<li>Rohrverlegung, Materialspezifikation und Dimensionierung<\/li>\n<li>Konstruktion von St\u00fctzen und R\u00fcckhaltesystemen<\/li>\n<li>Einhaltung der geltenden Vorschriften und Normen<\/li>\n<\/ul>\n<\/div>\n\n<div class=\"pipe-card\">\n<h3 class=\"pipe-title\">Spannungsanalyse<\/h3>\n<ul class=\"pipe-list\">\n<li>W\u00e4rmeausdehnung und Belastungsanalyse<\/li>\n<li>\u00dcberpr\u00fcfung der Ausr\u00fcstungsd\u00fcsenbelastung<\/li>\n<li>Optimierung von St\u00fctzen und Fesseln<\/li>\n<li>Vorbeugung gegen Erm\u00fcdung, Vibration und \u00dcberbeanspruchung<\/li>\n<\/ul>\n<\/div>\n\n<div class=\"pipe-card\">\n<h3 class=\"pipe-title\">Struktureller Entwurf<\/h3>\n<ul class=\"pipe-list\">\n<li>Planung und Gestaltung der Gesamtstruktur zur Unterst\u00fctzung des Rohrleitungssystems.<\/li>\n<li>Sicherstellung der Stabilit\u00e4t, Festigkeit und Einhaltung der relevanten Industriestandards.<\/li>\n<\/ul>\n<\/div>\n\n<div class=\"pipe-card\">\n<h3 class=\"pipe-title\">Unterst\u00fctzung Design<\/h3>\n<ul class=\"pipe-list\">\n<li>Bestimmung der geeigneten St\u00fctzstrukturen f\u00fcr das Rohrleitungssystem.<\/li>\n<li>Ber\u00fccksichtigung von Faktoren wie Gewichtverteilung, thermischer Ausdehnung und Vibration.<\/li>\n<li>Integration in das Anlagenlayout<\/li>\n<\/ul>\n<\/div>\n\n<\/div>\n<\/div>\n\n<style>\n\n.pipe-sec{\n  position:relative;\n  width:100%;\n  max-width:1000px;\n  margin:0 auto;\n  padding:20px 0;\n  overflow:hidden;\n}\n\n.pipe-bg{\n  position:absolute;\n  top:50%;\n  left:75%;\n  transform:translate(-50%,-50%);\n  width:360px;\n  opacity:.2;\n  pointer-events:none;\n  z-index:1;\n}\n\n.pipe-bg img{\n  width:100%;\n  height:auto;\n  display:block;\n}\n\n.pipe-wrap{\n  position:relative;\n  z-index:2;\n  display:flex;\n  flex-direction:column;\n  gap:28px;\n  width:100%;\n  max-width:920px;\n  margin:0 auto;\n}\n\n.pipe-card{\n  background:transparent;\n  border:2px solid #708C85;\n  border-radius:26px;\n  padding:28px 32px;\n\n  transition:\n  background .35s cubic-bezier(.4,0,.2,1),\n  color .35s cubic-bezier(.4,0,.2,1),\n  border-color .35s cubic-bezier(.4,0,.2,1),\n  box-shadow .35s cubic-bezier(.4,0,.2,1),\n  transform .35s cubic-bezier(.4,0,.2,1);\n}\n\n.pipe-title{\n  margin:0 0 14px 0;\n  font-size:clamp(28px,2.1vw,40px);\n  line-height:1.15;\n  font-weight:700;\n  color:#708C85;\n  transition:color .35s cubic-bezier(.4,0,.2,1);\n}\n\n.pipe-list{\n  margin:0;\n  padding-left:20px;\n  display:flex;\n  flex-direction:column;\n  gap:8px;\n}\n\n.pipe-list li{\n  color:#708C85;\n  font-size:clamp(17px,1.1vw,21px);\n  line-height:1.55;\n  font-weight:600;\n  transition:color .35s cubic-bezier(.4,0,.2,1);\n}\n\n\/* HOVER *\/\n\n.pipe-card:hover{\n  background:#708C85;\n  border-color:#708C85;\n  box-shadow:0 10px 24px rgba(112,140,133,.28);\n  transform:translateY(-3px);\n}\n\n.pipe-card:hover .pipe-title{\n  color:#ffffff;\n}\n\n.pipe-card:hover .pipe-list li{\n  color:#ffffff;\n}\n\n@media (max-width:767px){\n\n.pipe-wrap{\n  gap:18px;\n}\n\n.pipe-card{\n  padding:22px 18px;\n  border-radius:22px;\n}\n\n.pipe-title{\n  font-size:clamp(22px,7vw,28px);\n  margin-bottom:12px;\n}\n\n.pipe-list{\n  padding-left:18px;\n  gap:6px;\n}\n\n.pipe-list li{\n  font-size:16px;\n}\n\n.pipe-bg{\n  width:240px;\n  opacity:.10;\n}\n\n}\n\n<\/style>\t\t\t\t<\/div>\n\t\t\t\t<\/div>\n\t\t\t\t\t<\/div>\n\t\t\t\t<\/div>\n\t\t<div class=\"elementor-element elementor-element-35b9aa4 e-flex e-con-boxed e-con e-parent\" data-id=\"35b9aa4\" data-element_type=\"container\" data-e-type=\"container\">\n\t\t\t\t\t<div class=\"e-con-inner\">\n\t\t\t\t<div class=\"elementor-element elementor-element-2173f34 elementor-widget elementor-widget-html\" data-id=\"2173f34\" data-element_type=\"widget\" data-e-type=\"widget\" data-widget_type=\"html.default\">\n\t\t\t\t<div class=\"elementor-widget-container\">\n\t\t\t\t\t<div class=\"sn-cta\">\r\n\r\n  <div class=\"sn-cta-valve sn-cta-left\">\r\n    <img decoding=\"async\" src=\"https:\/\/septemnovem.hr\/wp-content\/uploads\/2026\/03\/ventil1.svg\" alt=\"Valve icon\">\r\n  <\/div>\r\n\r\n  <div class=\"sn-cta-main\">\r\n    <p class=\"sn-cta-text\">\r\n      Wir arbeiten eng mit unseren Kunden zusammen, um L\u00f6sungen zu liefern, die mit den Projektpl\u00e4nen, den technischen Anforderungen und den Budgetvorgaben \u00fcbereinstimmen,\r\n      technischen Anforderungen und Budgeteinschr\u00e4nkungen abgestimmt sind.\r\n    <\/p>\r\n\r\n    <a class=\"sn-cta-btn\" href=\"https:\/\/septemnovem.hr\/de\/contact\/\">\r\n      <span class=\"sn-cta-btn-text\">Buchen Sie eine technische Diskussion<\/span>\r\n      <span class=\"sn-cta-btn-arrow\">><\/span>\r\n    <\/a>\r\n  <\/div>\r\n\r\n  <div class=\"sn-cta-valve sn-cta-right\">\r\n    <img decoding=\"async\" src=\"https:\/\/septemnovem.hr\/wp-content\/uploads\/2026\/03\/ventil2.svg\" alt=\"Valve icon\">\r\n  <\/div>\r\n\r\n<\/div>\r\n\r\n<style>\r\n.sn-cta{\r\n  width:100%;\r\n  max-width:920px;\r\n  margin:0 auto;\r\n  padding:38px 40px;\r\n  box-sizing:border-box;\r\n  display:grid;\r\n  grid-template-columns:110px minmax(0,1fr) 110px;\r\n  align-items:center;\r\n  gap:24px;\r\n  background:linear-gradient(145deg,#f6f7f7,#eef1f1);\r\n  border:1px solid #708c8529;\r\n  border-radius:26px;\r\n  box-shadow:0 10px 24px #0000000d;\r\n  overflow:hidden;\r\n  transition:background .25s ease, border-color .25s ease, box-shadow .25s ease;\r\n}\r\n\r\n.sn-cta:hover,\r\n.sn-cta:active{\r\n  background:#ffffff20;\r\n  border-color:#00000000;\r\n  box-shadow:none;\r\n}\r\n\r\n.sn-cta-main{\r\n  display:flex;\r\n  flex-direction:column;\r\n  align-items:center;\r\n  text-align:center;\r\n  gap:22px;\r\n}\r\n\r\n.sn-cta-title{\r\n  margin:0;\r\n  font-size:clamp(30px,2.3vw,42px);\r\n  line-height:1.2;\r\n  font-weight:700;\r\n  color:#3a3a3a;\r\n}\r\n\r\n.sn-cta-text{\r\n  margin:0;\r\n  max-width:640px;\r\n  color:#708c85;\r\n  font-size:clamp(18px,1.2vw,22px);\r\n  line-height:1.6;\r\n  font-weight:600;\r\n}\r\n\r\n.sn-cta-valve{\r\n  display:flex;\r\n  align-items:center;\r\n  justify-content:center;\r\n  min-height:120px;\r\n  pointer-events:none;\r\n}\r\n\r\n.sn-cta-valve img{\r\n  width:82px;\r\n  height:auto;\r\n  display:block;\r\n  transition:transform .5s ease, opacity .4s ease;\r\n}\r\n\r\n.sn-cta-left img{\r\n  opacity:.72;\r\n  transform:translateX(0);\r\n}\r\n\r\n.sn-cta-right img{\r\n  opacity:0;\r\n  transform:translateX(-14px);\r\n}\r\n\r\n.sn-cta:hover .sn-cta-left img{\r\n  opacity:0;\r\n  transform:translateX(26px);\r\n}\r\n\r\n.sn-cta:hover .sn-cta-right img{\r\n  opacity:.6;\r\n  transform:translateX(0);\r\n}\r\n\r\n.sn-cta-btn{\r\n  display:inline-flex;\r\n  align-items:center;\r\n  justify-content:center;\r\n  gap:12px;\r\n  padding:16px 30px;\r\n  border:1px solid #708c85;\r\n  border-radius:999px;\r\n  background:#708c85;\r\n  color:#ffffff;\r\n  text-decoration:none;\r\n  cursor:pointer;\r\n  box-shadow:0 10px 24px #708c8547;\r\n  transition:background .25s ease, color .25s ease, border-color .25s ease, box-shadow .25s ease, transform .25s ease;\r\n}\r\n\r\n.sn-cta-btn-text{\r\n  font-size:18px;\r\n  font-weight:700;\r\n}\r\n\r\n.sn-cta-btn-arrow{\r\n  font-size:20px;\r\n  font-weight:700;\r\n  transition:transform .25s ease;\r\n}\r\n\r\n.sn-cta-btn:hover{\r\n  background:#ffffff;\r\n  color:#708c85;\r\n  border-color:#708c85;\r\n  box-shadow:0 8px 18px #708c8547;\r\n}\r\n\r\n.sn-cta-btn:hover .sn-cta-btn-arrow{\r\n  transform:translateX(6px);\r\n}\r\n\r\n.sn-cta-btn:active{\r\n  transform:scale(.97);\r\n}\r\n\r\n@media (max-width:767px){\r\n  .sn-cta{\r\n    padding:26px 22px;\r\n    gap:14px;\r\n    border-radius:22px;\r\n    grid-template-columns:1fr 1fr;\r\n    grid-template-areas:\r\n      \"left right\"\r\n      \"main main\";\r\n  }\r\n\r\n  .sn-cta-main{\r\n    grid-area:main;\r\n    gap:18px;\r\n  }\r\n\r\n  .sn-cta-left{\r\n    grid-area:left;\r\n    justify-content:flex-end;\r\n    min-height:auto;\r\n  }\r\n\r\n  .sn-cta-right{\r\n    grid-area:right;\r\n    justify-content:flex-start;\r\n    min-height:auto;\r\n  }\r\n\r\n  .sn-cta-valve img{\r\n    width:62px;\r\n  }\r\n\r\n  .sn-cta-title{\r\n    font-size:clamp(24px,7vw,30px);\r\n  }\r\n\r\n  .sn-cta-text{\r\n    font-size:16px;\r\n  }\r\n\r\n  .sn-cta-btn{\r\n    width:100%;\r\n    max-width:260px;\r\n  }\r\n}\r\n<\/style>\t\t\t\t<\/div>\n\t\t\t\t<\/div>\n\t\t\t\t\t<\/div>\n\t\t\t\t<\/div>\n\t\t\t\t<\/div>","protected":false},"excerpt":{"rendered":"<p>Piping Engineering Services Covering all aspects of detailed design, stress analysis, structural and support design, our end-to-end Piping Engineering services are tailored to provide you with a comprehensive solution. Partner with us for a holistic approach to Piping Engineering that sets the foundation for success in every aspect of your project. Piping Engineering In-depth planning [&hellip;]<\/p>\n","protected":false},"author":1,"featured_media":0,"parent":0,"menu_order":0,"comment_status":"closed","ping_status":"closed","template":"","meta":{"site-sidebar-layout":"no-sidebar","site-content-layout":"page-builder","ast-site-content-layout":"full-width-container","site-content-style":"unboxed","site-sidebar-style":"unboxed","ast-global-header-display":"","ast-banner-title-visibility":"","ast-main-header-display":"","ast-hfb-above-header-display":"","ast-hfb-below-header-display":"","ast-hfb-mobile-header-display":"","site-post-title":"disabled","ast-breadcrumbs-content":"","ast-featured-img":"disabled","footer-sml-layout":"","theme-transparent-header-meta":"enabled","adv-header-id-meta":"","stick-header-meta":"","header-above-stick-meta":"","header-main-stick-meta":"","header-below-stick-meta":"","astra-migrate-meta-layouts":"set","ast-page-background-enabled":"default","ast-page-background-meta":{"desktop":{"background-color":"var(--ast-global-color-4)","background-image":"","background-repeat":"repeat","background-position":"center center","background-size":"auto","background-attachment":"scroll","background-type":"","background-media":"","overlay-type":"","overlay-color":"","overlay-opacity":"","overlay-gradient":""},"tablet":{"background-color":"","background-image":"","background-repeat":"repeat","background-position":"center center","background-size":"auto","background-attachment":"scroll","background-type":"","background-media":"","overlay-type":"","overlay-color":"","overlay-opacity":"","overlay-gradient":""},"mobile":{"background-color":"","background-image":"","background-repeat":"repeat","background-position":"center center","background-size":"auto","background-attachment":"scroll","background-type":"","background-media":"","overlay-type":"","overlay-color":"","overlay-opacity":"","overlay-gradient":""}},"ast-content-background-meta":{"desktop":{"background-color":"var(--ast-global-color-5)","background-image":"","background-repeat":"repeat","background-position":"center center","background-size":"auto","background-attachment":"scroll","background-type":"","background-media":"","overlay-type":"","overlay-color":"","overlay-opacity":"","overlay-gradient":""},"tablet":{"background-color":"var(--ast-global-color-5)","background-image":"","background-repeat":"repeat","background-position":"center center","background-size":"auto","background-attachment":"scroll","background-type":"","background-media":"","overlay-type":"","overlay-color":"","overlay-opacity":"","overlay-gradient":""},"mobile":{"background-color":"var(--ast-global-color-5)","background-image":"","background-repeat":"repeat","background-position":"center center","background-size":"auto","background-attachment":"scroll","background-type":"","background-media":"","overlay-type":"","overlay-color":"","overlay-opacity":"","overlay-gradient":""}},"footnotes":""},"class_list":["post-2249","page","type-page","status-publish","hentry"],"aioseo_notices":[],"_links":{"self":[{"href":"https:\/\/septemnovem.hr\/de\/wp-json\/wp\/v2\/pages\/2249","targetHints":{"allow":["GET"]}}],"collection":[{"href":"https:\/\/septemnovem.hr\/de\/wp-json\/wp\/v2\/pages"}],"about":[{"href":"https:\/\/septemnovem.hr\/de\/wp-json\/wp\/v2\/types\/page"}],"author":[{"embeddable":true,"href":"https:\/\/septemnovem.hr\/de\/wp-json\/wp\/v2\/users\/1"}],"replies":[{"embeddable":true,"href":"https:\/\/septemnovem.hr\/de\/wp-json\/wp\/v2\/comments?post=2249"}],"version-history":[{"count":95,"href":"https:\/\/septemnovem.hr\/de\/wp-json\/wp\/v2\/pages\/2249\/revisions"}],"predecessor-version":[{"id":2741,"href":"https:\/\/septemnovem.hr\/de\/wp-json\/wp\/v2\/pages\/2249\/revisions\/2741"}],"wp:attachment":[{"href":"https:\/\/septemnovem.hr\/de\/wp-json\/wp\/v2\/media?parent=2249"}],"curies":[{"name":"wp","href":"https:\/\/api.w.org\/{rel}","templated":true}]}}